{"id":12453,"date":"2025-10-06T12:30:21","date_gmt":"2025-10-06T12:30:21","guid":{"rendered":"https:\/\/www.planaris.de\/?page_id=12453"},"modified":"2026-04-13T06:49:44","modified_gmt":"2026-04-13T06:49:44","slug":"apply-now","status":"publish","type":"page","link":"https:\/\/www.planaris.de\/en\/karriere\/jetzt-bewerben\/","title":{"rendered":"Apply now"},"content":{"rendered":"\t\t<div data-elementor-type=\"wp-page\" data-elementor-id=\"12453\" class=\"elementor elementor-12453\" data-elementor-post-type=\"page\">\n\t\t\t\t<div class=\"elementor-element elementor-element-bdebe9b e-con-full e-flex e-con e-parent\" data-id=\"bdebe9b\" data-element_type=\"container\" data-e-type=\"container\">\n\t\t<div class=\"elementor-element elementor-element-10ae8e8 e-flex e-con-boxed e-con e-child\" data-id=\"10ae8e8\" data-element_type=\"container\" data-e-type=\"container\" data-settings=\"{&quot;background_background&quot;:&quot;classic&quot;}\">\n\t\t\t\t\t<div class=\"e-con-inner\">\n\t\t\t\t<div class=\"elementor-element elementor-element-57f926d elementor-widget elementor-widget-spacer\" data-id=\"57f926d\" data-element_type=\"widget\" data-e-type=\"widget\" data-widget_type=\"spacer.default\">\n\t\t\t\t<div class=\"elementor-widget-container\">\n\t\t\t\t\t\t\t<div class=\"elementor-spacer\">\n\t\t\t<div class=\"elementor-spacer-inner\"><\/div>\n\t\t<\/div>\n\t\t\t\t\t\t<\/div>\n\t\t\t\t<\/div>\n\t\t<div class=\"elementor-element elementor-element-d98effe e-con-full e-flex e-con e-child\" data-id=\"d98effe\" data-element_type=\"container\" data-e-type=\"container\" data-settings=\"{&quot;background_background&quot;:&quot;classic&quot;,&quot;position&quot;:&quot;absolute&quot;}\">\n\t\t<div class=\"elementor-element elementor-element-3a26db1 e-con-full cut-out-edge top-right e-flex e-con e-child\" data-id=\"3a26db1\" data-element_type=\"container\" data-e-type=\"container\" data-settings=\"{&quot;background_background&quot;:&quot;classic&quot;,&quot;position&quot;:&quot;absolute&quot;}\">\n\t\t\t\t<\/div>\n\t\t\t\t<\/div>\n\t\t<div class=\"elementor-element elementor-element-fae12ce e-con-full container-padding-x-default e-flex e-con e-child\" data-id=\"fae12ce\" data-element_type=\"container\" data-e-type=\"container\">\n\t\t\t\t<div class=\"elementor-element elementor-element-1564505 elementor-widget elementor-widget-heading\" data-id=\"1564505\" data-element_type=\"widget\" data-e-type=\"widget\" data-widget_type=\"heading.default\">\n\t\t\t\t<div class=\"elementor-widget-container\">\n\t\t\t\t\t<h1 class=\"elementor-heading-title elementor-size-default\">Jetzt bewerben! <br>\nSo einfach kann es sein:<\/h1>\t\t\t\t<\/div>\n\t\t\t\t<\/div>\n\t\t\t\t<div class=\"elementor-element elementor-element-770d64e pl-check-icon-list elementor-widget elementor-widget-text-editor\" data-id=\"770d64e\" data-element_type=\"widget\" data-e-type=\"widget\" data-widget_type=\"text-editor.default\">\n\t\t\t\t<div class=\"elementor-widget-container\">\n\t\t\t\t\t\t\t\t\t<ul><li>Kontaktformular ausf\u00fcllen<\/li><li>Standort &amp; Jobangebot ausw\u00e4hlen<\/li><li>Lebenslauf &amp; Abschl\u00fcsse hochladen<\/li><li>Optional: Nachricht schreiben<\/li><li>Auf \u201cBewerbung absenden\u201d klicken \u2013 fertig!<\/li><\/ul>\t\t\t\t\t\t\t\t<\/div>\n\t\t\t\t<\/div>\n\t\t\t\t<div class=\"elementor-element elementor-element-01cde7c elementor-widget elementor-widget-button\" data-id=\"01cde7c\" data-element_type=\"widget\" data-e-type=\"widget\" data-widget_type=\"button.default\">\n\t\t\t\t<div class=\"elementor-widget-container\">\n\t\t\t\t\t\t\t\t\t<div class=\"elementor-button-wrapper\">\n\t\t\t\t\t<a class=\"elementor-button elementor-button-link elementor-size-sm\" href=\"https:\/\/jobapplication.hrworks.de\/de?companyId=bg85ddee\" target=\"_blank\">\n\t\t\t\t\t\t<span class=\"elementor-button-content-wrapper\">\n\t\t\t\t\t\t\t\t\t<span class=\"elementor-button-text\">Zu den Offenen Stellen<\/span>\n\t\t\t\t\t<\/span>\n\t\t\t\t\t<\/a>\n\t\t\t\t<\/div>\n\t\t\t\t\t\t\t\t<\/div>\n\t\t\t\t<\/div>\n\t\t\t\t<\/div>\n\t\t\t\t<div class=\"elementor-element elementor-element-2a4f3ee elementor-widget elementor-widget-spacer\" data-id=\"2a4f3ee\" data-element_type=\"widget\" data-e-type=\"widget\" data-widget_type=\"spacer.default\">\n\t\t\t\t<div class=\"elementor-widget-container\">\n\t\t\t\t\t\t\t<div class=\"elementor-spacer\">\n\t\t\t<div class=\"elementor-spacer-inner\"><\/div>\n\t\t<\/div>\n\t\t\t\t\t\t<\/div>\n\t\t\t\t<\/div>\n\t\t\t\t\t<\/div>\n\t\t\t\t<\/div>\n\t\t\t\t<\/div>\n\t\t<div class=\"elementor-element elementor-element-e137716 e-flex e-con-boxed e-con e-parent\" data-id=\"e137716\" data-element_type=\"container\" data-e-type=\"container\" data-settings=\"{&quot;background_background&quot;:&quot;classic&quot;}\">\n\t\t\t\t\t<div class=\"e-con-inner\">\n\t\t<div class=\"elementor-element elementor-element-ffafcc2 e-con-full container-padding-x-default e-flex e-con e-child\" data-id=\"ffafcc2\" data-element_type=\"container\" data-e-type=\"container\">\n\t\t<div class=\"elementor-element elementor-element-6652802 e-con-full cut-out-edge top-right e-flex e-con e-child\" data-id=\"6652802\" data-element_type=\"container\" data-e-type=\"container\" data-settings=\"{&quot;background_background&quot;:&quot;classic&quot;,&quot;position&quot;:&quot;absolute&quot;}\">\n\t\t\t\t<\/div>\n\t\t<div class=\"elementor-element elementor-element-f24bb68 e-con-full e-flex e-con e-child\" data-id=\"f24bb68\" data-element_type=\"container\" data-e-type=\"container\" data-settings=\"{&quot;background_background&quot;:&quot;classic&quot;}\">\n\t\t\t\t<div class=\"elementor-element elementor-element-15c59f6 elementor-widget elementor-widget-heading\" data-id=\"15c59f6\" data-element_type=\"widget\" data-e-type=\"widget\" data-widget_type=\"heading.default\">\n\t\t\t\t<div class=\"elementor-widget-container\">\n\t\t\t\t\t<h2 class=\"elementor-heading-title elementor-size-default\">Jetzt direkt bewerben<\/h2>\t\t\t\t<\/div>\n\t\t\t\t<\/div>\n\t\t\t\t<div class=\"elementor-element elementor-element-e4b60b6 planaris-form elementor-button-align-stretch elementor-widget elementor-widget-form\" data-id=\"e4b60b6\" data-element_type=\"widget\" data-e-type=\"widget\" data-settings=\"{&quot;button_width&quot;:&quot;40&quot;,&quot;step_type&quot;:&quot;number_text&quot;,&quot;step_icon_shape&quot;:&quot;circle&quot;}\" data-widget_type=\"form.default\">\n\t\t\t\t<div class=\"elementor-widget-container\">\n\t\t\t\t\t\t\t<form class=\"elementor-form\" method=\"post\" id=\"application_form\" name=\"Kontakt\" aria-label=\"Kontakt\">\n\t\t\t<input type=\"hidden\" name=\"post_id\" value=\"12453\"\/>\n\t\t\t<input type=\"hidden\" name=\"form_id\" value=\"e4b60b6\"\/>\n\t\t\t<input type=\"hidden\" name=\"referer_title\" value=\"PLANARIS\" \/>\n\n\t\t\t\n\t\t\t<div class=\"elementor-form-fields-wrapper elementor-labels-above\">\n\t\t\t\t\t\t\t\t<div class=\"elementor-field-type-html elementor-field-group elementor-column elementor-field-group-field_43041cd elementor-col-100\">\n\t\t\t\t\tKontaktdaten\t\t\t\t<\/div>\n\t\t\t\t\t\t\t\t<div class=\"elementor-field-type-text elementor-field-group elementor-column elementor-field-group-name elementor-col-50 elementor-field-required elementor-mark-required\">\n\t\t\t\t\t\t\t\t\t\t\t\t\t<input size=\"1\" type=\"text\" name=\"form_fields[name]\" id=\"form-field-name\" class=\"elementor-field elementor-size-md  elementor-field-textual\" placeholder=\"Vorname Nachname*\" required=\"required\">\n\t\t\t\t\t\t\t\t\t\t\t<\/div>\n\t\t\t\t\t\t\t\t<div class=\"elementor-field-type-email elementor-field-group elementor-column elementor-field-group-email elementor-col-50 elementor-field-required elementor-mark-required\">\n\t\t\t\t\t\t\t\t\t\t\t\t\t<input size=\"1\" type=\"email\" name=\"form_fields[email]\" id=\"form-field-email\" class=\"elementor-field elementor-size-md  elementor-field-textual\" placeholder=\"Email*\" required=\"required\">\n\t\t\t\t\t\t\t\t\t\t\t<\/div>\n\t\t\t\t\t\t\t\t<div class=\"elementor-field-type-html elementor-field-group elementor-column elementor-field-group-field_ea06d62 elementor-col-100\">\n\t\t\t\t\tIhre Bewerbungsunterlagen\t\t\t\t<\/div>\n\t\t\t\t\t\t\t\t<div class=\"elementor-field-type-upload elementor-field-group elementor-column elementor-field-group-field_upload_2 elementor-col-100\">\n\t\t\t\t\t\t\t\t\t\t\t\t<label for=\"form-field-field_upload_2\" class=\"elementor-field-label\">\n\t\t\t\t\t\t\t\tUpload Lebenslauf\t\t\t\t\t\t\t<\/label>\n\t\t\t\t\t\t\t\t<input type=\"file\" name=\"form_fields[field_upload_2][]\" id=\"form-field-field_upload_2\" class=\"elementor-field elementor-size-md  elementor-upload-field\" multiple=\"multiple\" data-maxsize=\"8\" data-maxsize-message=\"This file exceeds the maximum allowed size.\">\n\n\t\t\t\t\t\t<\/div>\n\t\t\t\t\t\t\t\t<div class=\"elementor-field-type-html elementor-field-group elementor-column elementor-field-group-field_37d0124 elementor-col-100\">\n\t\t\t\t\tStandort & Jobangebot\t\t\t\t<\/div>\n\t\t\t\t\t\t\t\t<div class=\"elementor-field-type-select elementor-field-group elementor-column elementor-field-group-field_standort elementor-col-100\">\n\t\t\t\t\t\t\t\t\t\t\t\t<label for=\"form-field-field_standort\" class=\"elementor-field-label\">\n\t\t\t\t\t\t\t\tStandort\t\t\t\t\t\t\t<\/label>\n\t\t\t\t\t\t\t\t<div class=\"elementor-field elementor-select-wrapper remove-before \">\n\t\t\t<div class=\"select-caret-down-wrapper\">\n\t\t\t\t<svg aria-hidden=\"true\" class=\"e-font-icon-svg e-eicon-caret-down\" viewBox=\"0 0 571.4 571.4\" xmlns=\"http:\/\/www.w3.org\/2000\/svg\"><path d=\"M571 393Q571 407 561 418L311 668Q300 679 286 679T261 668L11 418Q0 407 0 393T11 368 36 357H536Q550 357 561 368T571 393Z\"><\/path><\/svg>\t\t\t<\/div>\n\t\t\t<select name=\"form_fields[field_standort]\" id=\"form-field-field_standort\" class=\"elementor-field-textual elementor-size-md\">\n\t\t\t\t\t\t\t\t\t<option value=\"-\">Ich bewerbe mich an folgendem Standort<\/option>\n\t\t\t\t\t\t\t\t\t<option value=\"flexibel\">flexibel<\/option>\n\t\t\t\t\t\t\t\t\t<option value=\"Fulda\">Fulda<\/option>\n\t\t\t\t\t\t\t\t\t<option value=\"H\u00fcnfeld\">H\u00fcnfeld<\/option>\n\t\t\t\t\t\t\t\t\t<option value=\"Bad Salzungen\">Bad Salzungen<\/option>\n\t\t\t\t\t\t\t\t\t<option value=\"Eisenach\">Eisenach<\/option>\n\t\t\t\t\t\t\t\t\t<option value=\"Gera\">Gera<\/option>\n\t\t\t\t\t\t\t\t\t<option value=\"Hofbieber\">Hofbieber<\/option>\n\t\t\t\t\t\t\t\t\t<option value=\"Hilders\">Hilders<\/option>\n\t\t\t\t\t\t\t\t\t<option value=\"Meiningen\">Meiningen<\/option>\n\t\t\t\t\t\t\t\t\t<option value=\"Bad Langensalza\">Bad Langensalza<\/option>\n\t\t\t\t\t\t\t<\/select>\n\t\t<\/div>\n\t\t\t\t\t\t<\/div>\n\t\t\t\t\t\t\t\t<div class=\"elementor-field-type-text elementor-field-group elementor-column elementor-field-group-field_Jobangebot elementor-col-100\">\n\t\t\t\t\t\t\t\t\t\t\t\t\t<input size=\"1\" type=\"text\" name=\"form_fields[field_Jobangebot]\" id=\"form-field-field_Jobangebot\" class=\"elementor-field elementor-size-md  elementor-field-textual\" placeholder=\"Jobtitel\">\n\t\t\t\t\t\t\t\t\t\t\t<\/div>\n\t\t\t\t\t\t\t\t<div class=\"elementor-field-type-hidden elementor-field-group elementor-column elementor-field-group-form_timer elementor-col-100\">\n\t\t\t\t\t\t\t\t\t\t\t\t\t<input size=\"1\" type=\"hidden\" name=\"form_fields[form_timer]\" id=\"form-field-form_timer\" class=\"elementor-field elementor-size-md  elementor-field-textual\">\n\t\t\t\t\t\t\t\t\t\t\t<\/div>\n\t\t\t\t\t\t\t\t<div class=\"elementor-field-type-html elementor-field-group elementor-column elementor-field-group-field_64bf7c3 elementor-col-100\">\n\t\t\t\t\t<span class=\"form-info-text\">Ihre Daten werden nach Absenden des Kontaktformulars nur zweckgebunden zur Bearbeitung und Beantwortung Ihrer Anfrage verarbeitet. Wie die von Ihnen angegebenen Daten innerhalb des Kontaktformulars verarbeitet werden, entnehmen Sie bitte den Informationen zum <a href=\"\/datenschutz\/\" target=\"_blank\">Datenschutz<\/a>.<\/span>\t\t\t\t<\/div>\n\t\t\t\t\t\t\t\t<div class=\"elementor-field-group elementor-column elementor-field-type-submit elementor-col-40 e-form__buttons\">\n\t\t\t\t\t<button class=\"elementor-button elementor-size-sm\" type=\"submit\">\n\t\t\t\t\t\t<span class=\"elementor-button-content-wrapper\">\n\t\t\t\t\t\t\t\t\t\t\t\t\t\t\t\t\t\t\t\t\t\t<span class=\"elementor-button-text\">Bewerbung abschicken<\/span>\n\t\t\t\t\t\t\t\t\t\t\t\t\t<\/span>\n\t\t\t\t\t<\/button>\n\t\t\t\t<\/div>\n\t\t\t<\/div>\n\t\t<\/form>\n\t\t\t\t\t\t<\/div>\n\t\t\t\t<\/div>\n\t\t\t\t<div class=\"elementor-element elementor-element-ad8cd69 elementor-widget elementor-widget-html\" data-id=\"ad8cd69\" data-element_type=\"widget\" data-e-type=\"widget\" data-widget_type=\"html.default\">\n\t\t\t\t<div class=\"elementor-widget-container\">\n\t\t\t\t\t<script>\n    document.addEventListener(\"DOMContentLoaded\", function () {\n  const timerField = document.querySelector('#form-field-form_timer');\n  if (timerField) {\n    timerField.value = Date.now();\n  }\n});\n\n<\/script>\t\t\t\t<\/div>\n\t\t\t\t<\/div>\n\t\t\t\t<\/div>\n\t\t\t\t<\/div>\n\t\t\t\t\t<\/div>\n\t\t\t\t<\/div>\n\t\t<div class=\"elementor-element elementor-element-4212cb4 e-flex e-con-boxed e-con e-parent\" data-id=\"4212cb4\" data-element_type=\"container\" data-e-type=\"container\">\n\t\t\t\t\t<div class=\"e-con-inner\">\n\t\t\t\t<div class=\"elementor-element elementor-element-a261fa1 elementor-widget elementor-widget-spacer\" data-id=\"a261fa1\" data-element_type=\"widget\" data-e-type=\"widget\" data-widget_type=\"spacer.default\">\n\t\t\t\t<div class=\"elementor-widget-container\">\n\t\t\t\t\t\t\t<div class=\"elementor-spacer\">\n\t\t\t<div class=\"elementor-spacer-inner\"><\/div>\n\t\t<\/div>\n\t\t\t\t\t\t<\/div>\n\t\t\t\t<\/div>\n\t\t\t\t\t<\/div>\n\t\t\t\t<\/div>\n\t\t\t\t<\/div>\n\t\t","protected":false},"excerpt":{"rendered":"<p>Jetzt bewerben! So einfach kann es sein: Kontaktformular ausf\u00fcllen Standort &amp; Jobangebot ausw\u00e4hlen Lebenslauf &amp; Abschl\u00fcsse hochladen Optional: Nachricht schreiben Auf \u201cBewerbung absenden\u201d klicken \u2013 fertig! Zu den Offenen Stellen [&hellip;]<\/p>\n","protected":false},"author":2,"featured_media":0,"parent":9194,"menu_order":0,"comment_status":"closed","ping_status":"closed","template":"","meta":{"_acf_changed":false,"inline_featured_image":false,"advgb_blocks_editor_width":"","advgb_blocks_columns_visual_guide":"","site-sidebar-layout":"no-sidebar","site-content-layout":"","ast-site-content-layout":"full-width-container","site-content-style":"default","site-sidebar-style":"default","ast-global-header-display":"","ast-banner-title-visibility":"","ast-main-header-display":"","ast-hfb-above-header-display":"","ast-hfb-below-header-display":"","ast-hfb-mobile-header-display":"","site-post-title":"disabled","ast-breadcrumbs-content":"","ast-featured-img":"disabled","footer-sml-layout":"","ast-disable-related-posts":"","theme-transparent-header-meta":"","adv-header-id-meta":"","stick-header-meta":"","header-above-stick-meta":"","header-main-stick-meta":"","header-below-stick-meta":"","astra-migrate-meta-layouts":"default","ast-page-background-enabled":"default","ast-page-background-meta":{"desktop":{"background-color":"var(--ast-global-color-5)","background-image":"","background-repeat":"repeat","background-position":"center center","background-size":"auto","background-attachment":"scroll","background-type":"","background-media":"","overlay-type":"","overlay-color":"","overlay-opacity":"","overlay-gradient":""},"tablet":{"background-color":"","background-image":"","background-repeat":"repeat","background-position":"center center","background-size":"auto","background-attachment":"scroll","background-type":"","background-media":"","overlay-type":"","overlay-color":"","overlay-opacity":"","overlay-gradient":""},"mobile":{"background-color":"","background-image":"","background-repeat":"repeat","background-position":"center center","background-size":"auto","background-attachment":"scroll","background-type":"","background-media":"","overlay-type":"","overlay-color":"","overlay-opacity":"","overlay-gradient":""}},"ast-content-background-meta":{"desktop":{"background-color":"var(--ast-global-color-4)","background-image":"","background-repeat":"repeat","background-position":"center center","background-size":"auto","background-attachment":"scroll","background-type":"","background-media":"","overlay-type":"","overlay-color":"","overlay-opacity":"","overlay-gradient":""},"tablet":{"background-color":"var(--ast-global-color-4)","background-image":"","background-repeat":"repeat","background-position":"center center","background-size":"auto","background-attachment":"scroll","background-type":"","background-media":"","overlay-type":"","overlay-color":"","overlay-opacity":"","overlay-gradient":""},"mobile":{"background-color":"var(--ast-global-color-4)","background-image":"","background-repeat":"repeat","background-position":"center center","background-size":"auto","background-attachment":"scroll","background-type":"","background-media":"","overlay-type":"","overlay-color":"","overlay-opacity":"","overlay-gradient":""}},"footnotes":""},"class_list":["post-12453","page","type-page","status-publish","hentry"],"acf":[],"yoast_head":"<!-- This site is optimized with the Yoast SEO plugin v27.5 - https:\/\/yoast.com\/product\/yoast-seo-wordpress\/ -->\n<title>Jetzt bewerben - PLANARIS<\/title>\n<meta name=\"robots\" content=\"index, follow, max-snippet:-1, max-image-preview:large, max-video-preview:-1\" \/>\n<link rel=\"canonical\" href=\"https:\/\/www.planaris.de\/en\/career\/apply-now\/\" \/>\n<meta property=\"og:locale\" content=\"en_GB\" \/>\n<meta property=\"og:type\" content=\"article\" \/>\n<meta property=\"og:title\" content=\"Jetzt bewerben - PLANARIS\" \/>\n<meta property=\"og:description\" content=\"Jetzt bewerben! So einfach kann es sein: Kontaktformular ausf\u00fcllen Standort &amp; Jobangebot ausw\u00e4hlen Lebenslauf &amp; Abschl\u00fcsse hochladen Optional: Nachricht schreiben Auf \u201cBewerbung absenden\u201d klicken \u2013 fertig! Zu den Offenen Stellen [&hellip;]\" \/>\n<meta property=\"og:url\" content=\"https:\/\/www.planaris.de\/en\/career\/apply-now\/\" \/>\n<meta property=\"og:site_name\" content=\"PLANARIS\" \/>\n<meta property=\"article:modified_time\" content=\"2026-04-13T06:49:44+00:00\" \/>\n<meta name=\"twitter:card\" content=\"summary_large_image\" \/>\n<script type=\"application\/ld+json\" class=\"yoast-schema-graph\">{\"@context\":\"https:\\\/\\\/schema.org\",\"@graph\":[{\"@type\":\"WebPage\",\"@id\":\"https:\\\/\\\/www.planaris.de\\\/karriere\\\/jetzt-bewerben\\\/\",\"url\":\"https:\\\/\\\/www.planaris.de\\\/karriere\\\/jetzt-bewerben\\\/\",\"name\":\"Jetzt bewerben - PLANARIS\",\"isPartOf\":{\"@id\":\"https:\\\/\\\/www.planaris.de\\\/#website\"},\"datePublished\":\"2025-10-06T12:30:21+00:00\",\"dateModified\":\"2026-04-13T06:49:44+00:00\",\"breadcrumb\":{\"@id\":\"https:\\\/\\\/www.planaris.de\\\/karriere\\\/jetzt-bewerben\\\/#breadcrumb\"},\"inLanguage\":\"en-GB\",\"potentialAction\":[{\"@type\":\"ReadAction\",\"target\":[\"https:\\\/\\\/www.planaris.de\\\/karriere\\\/jetzt-bewerben\\\/\"]}]},{\"@type\":\"BreadcrumbList\",\"@id\":\"https:\\\/\\\/www.planaris.de\\\/karriere\\\/jetzt-bewerben\\\/#breadcrumb\",\"itemListElement\":[{\"@type\":\"ListItem\",\"position\":1,\"name\":\"Startseite\",\"item\":\"https:\\\/\\\/www.planaris.de\\\/\"},{\"@type\":\"ListItem\",\"position\":2,\"name\":\"Karriere\",\"item\":\"https:\\\/\\\/www.planaris.de\\\/karriere\\\/\"},{\"@type\":\"ListItem\",\"position\":3,\"name\":\"Jetzt bewerben\"}]},{\"@type\":\"WebSite\",\"@id\":\"https:\\\/\\\/www.planaris.de\\\/#website\",\"url\":\"https:\\\/\\\/www.planaris.de\\\/\",\"name\":\"PLANARIS\",\"description\":\"STEUERBERATER WIRTSCHAFTSPR\u00dcFER RECHTSANW\u00c4LTE\",\"publisher\":{\"@id\":\"https:\\\/\\\/www.planaris.de\\\/#organization\"},\"potentialAction\":[{\"@type\":\"SearchAction\",\"target\":{\"@type\":\"EntryPoint\",\"urlTemplate\":\"https:\\\/\\\/www.planaris.de\\\/?s={search_term_string}\"},\"query-input\":{\"@type\":\"PropertyValueSpecification\",\"valueRequired\":true,\"valueName\":\"search_term_string\"}}],\"inLanguage\":\"en-GB\"},{\"@type\":\"Organization\",\"@id\":\"https:\\\/\\\/www.planaris.de\\\/#organization\",\"name\":\"PLANARIS\",\"url\":\"https:\\\/\\\/www.planaris.de\\\/\",\"logo\":{\"@type\":\"ImageObject\",\"inLanguage\":\"en-GB\",\"@id\":\"https:\\\/\\\/www.planaris.de\\\/#\\\/schema\\\/logo\\\/image\\\/\",\"url\":\"https:\\\/\\\/www.planaris.de\\\/wp-content\\\/uploads\\\/pl-logo-font.svg\",\"contentUrl\":\"https:\\\/\\\/www.planaris.de\\\/wp-content\\\/uploads\\\/pl-logo-font.svg\",\"width\":486,\"height\":145,\"caption\":\"PLANARIS\"},\"image\":{\"@id\":\"https:\\\/\\\/www.planaris.de\\\/#\\\/schema\\\/logo\\\/image\\\/\"},\"sameAs\":[\"https:\\\/\\\/www.instagram.com\\\/planaris.de\\\/\",\"https:\\\/\\\/de.linkedin.com\\\/company\\\/planaris-partgmbb\"]}]}<\/script>\n<!-- \/ Yoast SEO plugin. -->","yoast_head_json":{"title":"Apply now - PLANARIS","robots":{"index":"index","follow":"follow","max-snippet":"max-snippet:-1","max-image-preview":"max-image-preview:large","max-video-preview":"max-video-preview:-1"},"canonical":"https:\/\/www.planaris.de\/en\/career\/apply-now\/","og_locale":"en_GB","og_type":"article","og_title":"Jetzt bewerben - PLANARIS","og_description":"Jetzt bewerben! So einfach kann es sein: Kontaktformular ausf\u00fcllen Standort &amp; Jobangebot ausw\u00e4hlen Lebenslauf &amp; Abschl\u00fcsse hochladen Optional: Nachricht schreiben Auf \u201cBewerbung absenden\u201d klicken \u2013 fertig! Zu den Offenen Stellen [&hellip;]","og_url":"https:\/\/www.planaris.de\/en\/career\/apply-now\/","og_site_name":"PLANARIS","article_modified_time":"2026-04-13T06:49:44+00:00","twitter_card":"summary_large_image","schema":{"@context":"https:\/\/schema.org","@graph":[{"@type":"WebPage","@id":"https:\/\/www.planaris.de\/karriere\/jetzt-bewerben\/","url":"https:\/\/www.planaris.de\/karriere\/jetzt-bewerben\/","name":"Apply now - PLANARIS","isPartOf":{"@id":"https:\/\/www.planaris.de\/#website"},"datePublished":"2025-10-06T12:30:21+00:00","dateModified":"2026-04-13T06:49:44+00:00","breadcrumb":{"@id":"https:\/\/www.planaris.de\/karriere\/jetzt-bewerben\/#breadcrumb"},"inLanguage":"en-GB","potentialAction":[{"@type":"ReadAction","target":["https:\/\/www.planaris.de\/karriere\/jetzt-bewerben\/"]}]},{"@type":"BreadcrumbList","@id":"https:\/\/www.planaris.de\/karriere\/jetzt-bewerben\/#breadcrumb","itemListElement":[{"@type":"ListItem","position":1,"name":"Startseite","item":"https:\/\/www.planaris.de\/"},{"@type":"ListItem","position":2,"name":"Karriere","item":"https:\/\/www.planaris.de\/karriere\/"},{"@type":"ListItem","position":3,"name":"Jetzt bewerben"}]},{"@type":"WebSite","@id":"https:\/\/www.planaris.de\/#website","url":"https:\/\/www.planaris.de\/","name":"PLANARIS","description":"TAX CONSULTANTS AUDITORS LAWYERS","publisher":{"@id":"https:\/\/www.planaris.de\/#organization"},"potentialAction":[{"@type":"SearchAction","target":{"@type":"EntryPoint","urlTemplate":"https:\/\/www.planaris.de\/?s={search_term_string}"},"query-input":{"@type":"PropertyValueSpecification","valueRequired":true,"valueName":"search_term_string"}}],"inLanguage":"en-GB"},{"@type":"Organization","@id":"https:\/\/www.planaris.de\/#organization","name":"PLANARIS","url":"https:\/\/www.planaris.de\/","logo":{"@type":"ImageObject","inLanguage":"en-GB","@id":"https:\/\/www.planaris.de\/#\/schema\/logo\/image\/","url":"https:\/\/www.planaris.de\/wp-content\/uploads\/pl-logo-font.svg","contentUrl":"https:\/\/www.planaris.de\/wp-content\/uploads\/pl-logo-font.svg","width":486,"height":145,"caption":"PLANARIS"},"image":{"@id":"https:\/\/www.planaris.de\/#\/schema\/logo\/image\/"},"sameAs":["https:\/\/www.instagram.com\/planaris.de\/","https:\/\/de.linkedin.com\/company\/planaris-partgmbb"]}]}},"coauthors":[],"author_meta":{"author_link":"https:\/\/www.planaris.de\/en\/author\/emilia\/","display_name":"emilia"},"relative_dates":{"created":"Posted 7 months ago","modified":"Updated 3 weeks ago"},"absolute_dates":{"created":"Posted on October 6, 2025","modified":"Updated on April 13, 2026"},"absolute_dates_time":{"created":"Posted on October 6, 2025 12:30 pm","modified":"Updated on April 13, 2026 6:49 am"},"featured_img_caption":"","featured_img":false,"series_order":"","_links":{"self":[{"href":"https:\/\/www.planaris.de\/en\/wp-json\/wp\/v2\/pages\/12453","targetHints":{"allow":["GET"]}}],"collection":[{"href":"https:\/\/www.planaris.de\/en\/wp-json\/wp\/v2\/pages"}],"about":[{"href":"https:\/\/www.planaris.de\/en\/wp-json\/wp\/v2\/types\/page"}],"author":[{"embeddable":true,"href":"https:\/\/www.planaris.de\/en\/wp-json\/wp\/v2\/users\/2"}],"replies":[{"embeddable":true,"href":"https:\/\/www.planaris.de\/en\/wp-json\/wp\/v2\/comments?post=12453"}],"version-history":[{"count":211,"href":"https:\/\/www.planaris.de\/en\/wp-json\/wp\/v2\/pages\/12453\/revisions"}],"predecessor-version":[{"id":14299,"href":"https:\/\/www.planaris.de\/en\/wp-json\/wp\/v2\/pages\/12453\/revisions\/14299"}],"up":[{"embeddable":true,"href":"https:\/\/www.planaris.de\/en\/wp-json\/wp\/v2\/pages\/9194"}],"wp:attachment":[{"href":"https:\/\/www.planaris.de\/en\/wp-json\/wp\/v2\/media?parent=12453"}],"curies":[{"name":"wp","href":"https:\/\/api.w.org\/{rel}","templated":true}]}}